{"id":48,"date":"2018-11-14T09:56:26","date_gmt":"2018-11-14T09:56:26","guid":{"rendered":"https:\/\/website.colistic.dev\/?page_id=48"},"modified":"2023-08-31T15:06:49","modified_gmt":"2023-08-31T15:06:49","slug":"services","status":"publish","type":"page","link":"https:\/\/website.colistic.dev\/?page_id=48","title":{"rendered":"Services"},"content":{"rendered":"\n\n\t\t\t\t<img decoding=\"async\" src=\"https:\/\/website.colistic.dev\/wp-content\/uploads\/2023\/07\/holistic-circle.svg\" alt=\"holistic-circle\" itemprop=\"image\" height=\"0\" width=\"0\" title=\"holistic-circle\" onerror=\"this.style.display='none'\"  \/>\n<h1>\n\t\tVoll &#038; ganz. <br \/>Unsere Services.\n\t<\/h1>\n\t<p>Damit Kommunikation wirkt, m\u00fcssen Produkt, Marketing und die Bed\u00fcrfnisse der Konsumenten ganzheitlich aufeinander abgestimmt sein. Deshalb setzen wir von der Konzeption bis zum Content auf eine holistische Betrachtungsweise.<\/p>\n\t\t\t\t\t\t\t\t\t\t\t\t<img decoding=\"async\" src=\"https:\/\/website.colistic.dev\/wp-content\/uploads\/2023\/07\/abstract2.gif\" alt=\"1: Strategisch\" \/>\n\t\t\t\t\t\t\t\t<h2>1: Strategisch<\/h2>\n\t\t\t\t\t\t\t\t\t<p>Getreu dem Motto \u201eoffense wins games, defense wins championships&#8220; betrachten wir erst einmal den Status Quo bevor wir in die Offensive gehen. Denn wir glauben, dass nachhaltige Konzepte auf einer fundierten Strategie beruhen.<\/p>\n\t\t\t\t\t\t\t\t\t\t\t\t<img decoding=\"async\" src=\"https:\/\/website.colistic.dev\/wp-content\/uploads\/2023\/07\/abstract3.gif\" alt=\"2: Beratend\" \/>\n\t\t\t\t\t\t\t\t<h2>2: Beratend<\/h2>\n\t\t\t\t\t\t\t\t\t<p>\u201eOne-size-fits-all&#8220; gibt es bei uns nicht. Jede Zielgruppe und jede Customer Journey ist anders &#8211; und diese stimmen wir im engen Austausch zielgerecht mit dir ab, um maximalen Impact und Reichweite zu erzeugen.<\/p>\n\t\t\t\t\t\t\t\t\t\t\t\t<img decoding=\"async\" src=\"https:\/\/website.colistic.dev\/wp-content\/uploads\/2023\/07\/abstract1.gif\" alt=\"3: Kreativ\" \/>\n\t\t\t\t\t\t\t\t<h2>3: Kreativ<\/h2>\n\t\t\t\t\t\t\t\t\t<p>Mit kreativen Inhalten und aussagekr\u00e4ftigen Messages zum Erfolg &#8211; ma\u00dfgeschneidert f\u00fcr jeden Kanal, von der Website bis Instagram, vom Markenlogo bis zur Visitenkarte.<\/p>\n\t\t\t\t\t\t\t\t\t\t\t\t<img decoding=\"async\" src=\"https:\/\/website.colistic.dev\/wp-content\/uploads\/2023\/08\/abstract6.gif\" alt=\"4: Analytisch\" \/>\n\t\t\t\t\t\t\t\t<h2>4: Analytisch<\/h2>\n\t\t\t\t\t\t\t\t\t<p>Nach dem Spiel ist vor dem Spiel &#8211; messbare Daten helfen uns, die Ergebnisse sukzessive zu optimieren und weiter zu verbessern.<\/p>\n<h2>\n\t\tUnser Playbook\n\t<\/h2>\n\t\t<h3>Strategy<\/h3>\n\t\t\t<ul><li>Markenaufbau<\/li><li>Kommunikationsstrategie<\/li><li>Digitalstrategie<\/li><li>CI \/ CD<\/li><\/ul>\t\t\n\t\t<h3>Campaign<\/h3>\n\t\t\t<ul><li>Brand Awareness<\/li><li>Produktlaunch<\/li><li>Recruiting \/ Employer Branding<\/li><li>Lead Generierung<\/li><\/ul>\t\t\n\t\t<h3>Perfor&shy;mance<\/h3>\n\t\t\t<ul><li>Strategie<\/li><li>Google Ads \/ SEA<\/li><li>Social Advertising (Meta, LinkedIn, TikTok)<\/li><li>Ad Creatives<\/li><\/ul>\t\t\n\t\t<h3>Web<\/h3>\n\t\t\t<ul>\n<li>Strategie<\/li>\n<li>Webdesign<\/li>\n<li>Webentwicklung<\/li>\n<li>Online-Shop<\/li>\n<li>SEO<\/li>\n<li>Web-Analyse \/ CRO<\/li>\n<\/ul>\n\t\t<h3>Social<\/h3>\n\t\t\t<ul><li>Full-Service-Betreuung<\/li><li>Content Creation<\/li><li>Community Management<\/li><li>Social Advertising<\/li><li>User Generated Content<\/li><\/ul>\t\t\n\n","protected":false},"excerpt":{"rendered":"<p>Voll &#038; ganz. Unsere Services. Damit Kommunikation wirkt, m\u00fcssen Produkt, Marketing und die Bed\u00fcrfnisse der Konsumenten ganzheitlich aufeinander abgestimmt sein. Deshalb setzen wir von der Konzeption bis zum Content auf eine holistische Betrachtungsweise. 1: Strategisch Getreu dem Motto \u201eoffense wins games, defense wins championships&#8220; betrachten wir erst einmal den Status Quo bevor wir in die [&hellip;]<\/p>\n","protected":false},"author":1,"featured_media":0,"parent":0,"menu_order":8,"comment_status":"closed","ping_status":"closed","template":"","meta":{"inline_featured_image":false,"footnotes":""},"class_list":["post-48","page","type-page","status-publish","hentry","wpbf-post"],"acf":[],"yoast_head":"<!-- This site is optimized with the Yoast SEO plugin v27.6 - https:\/\/yoast.com\/product\/yoast-seo-wordpress\/ -->\n<title>Unsere Services - co:listic<\/title>\n<meta name=\"description\" content=\"Damit Kommunikation wirkt, m\u00fcssen Produkt, Marketing und die Bed\u00fcrfnisse der Konsumenten ganzheitlich aufeinander abgestimmt sein.\" \/>\n<meta name=\"robots\" content=\"noindex, follow, max-snippet:-1, max-image-preview:large, max-video-preview:-1\" \/>\n<meta property=\"og:locale\" content=\"de_DE\" \/>\n<meta property=\"og:type\" content=\"article\" \/>\n<meta property=\"og:title\" content=\"Unsere Services - co:listic\" \/>\n<meta property=\"og:description\" content=\"Damit Kommunikation wirkt, m\u00fcssen Produkt, Marketing und die Bed\u00fcrfnisse der Konsumenten ganzheitlich aufeinander abgestimmt sein.\" \/>\n<meta property=\"og:url\" content=\"https:\/\/website.colistic.dev\/?page_id=48\" \/>\n<meta property=\"og:site_name\" content=\"co:listic\" \/>\n<meta property=\"article:publisher\" content=\"https:\/\/www.facebook.com\/colistic\/?epa=SEARCH_BOX\" \/>\n<meta property=\"article:modified_time\" content=\"2023-08-31T15:06:49+00:00\" \/>\n<meta property=\"og:image\" content=\"https:\/\/website.colistic.dev\/wp-content\/uploads\/2023\/07\/holistic-circle.svg\" \/>\n<meta name=\"twitter:card\" content=\"summary_large_image\" \/>\n<meta name=\"twitter:site\" content=\"@colisti\" \/>\n<meta name=\"twitter:label1\" content=\"Gesch\u00e4tzte Lesezeit\" \/>\n\t<meta name=\"twitter:data1\" content=\"3\u00a0Minuten\" \/>\n<!-- \/ Yoast SEO plugin. -->","yoast_head_json":{"title":"Unsere Services - co:listic","description":"Damit Kommunikation wirkt, m\u00fcssen Produkt, Marketing und die Bed\u00fcrfnisse der Konsumenten ganzheitlich aufeinander abgestimmt sein.","robots":{"index":"noindex","follow":"follow","max-snippet":"max-snippet:-1","max-image-preview":"max-image-preview:large","max-video-preview":"max-video-preview:-1"},"og_locale":"de_DE","og_type":"article","og_title":"Unsere Services - co:listic","og_description":"Damit Kommunikation wirkt, m\u00fcssen Produkt, Marketing und die Bed\u00fcrfnisse der Konsumenten ganzheitlich aufeinander abgestimmt sein.","og_url":"https:\/\/website.colistic.dev\/?page_id=48","og_site_name":"co:listic","article_publisher":"https:\/\/www.facebook.com\/colistic\/?epa=SEARCH_BOX","article_modified_time":"2023-08-31T15:06:49+00:00","og_image":[{"url":"https:\/\/website.colistic.dev\/wp-content\/uploads\/2023\/07\/holistic-circle.svg","type":"","width":"","height":""}],"twitter_card":"summary_large_image","twitter_site":"@colisti","twitter_misc":{"Gesch\u00e4tzte Lesezeit":"3\u00a0Minuten"},"schema":{"@context":"https:\/\/schema.org","@graph":[{"@type":"WebPage","@id":"https:\/\/website.colistic.dev\/?page_id=48","url":"https:\/\/website.colistic.dev\/?page_id=48","name":"Unsere Services - co:listic","isPartOf":{"@id":"https:\/\/website.colistic.dev\/#website"},"primaryImageOfPage":{"@id":"https:\/\/website.colistic.dev\/?page_id=48#primaryimage"},"image":{"@id":"https:\/\/website.colistic.dev\/?page_id=48#primaryimage"},"thumbnailUrl":"https:\/\/website.colistic.dev\/wp-content\/uploads\/2023\/07\/holistic-circle.svg","datePublished":"2018-11-14T09:56:26+00:00","dateModified":"2023-08-31T15:06:49+00:00","description":"Damit Kommunikation wirkt, m\u00fcssen Produkt, Marketing und die Bed\u00fcrfnisse der Konsumenten ganzheitlich aufeinander abgestimmt sein.","breadcrumb":{"@id":"https:\/\/website.colistic.dev\/?page_id=48#breadcrumb"},"inLanguage":"de","potentialAction":[{"@type":"ReadAction","target":["https:\/\/website.colistic.dev\/?page_id=48"]}]},{"@type":"ImageObject","inLanguage":"de","@id":"https:\/\/website.colistic.dev\/?page_id=48#primaryimage","url":"https:\/\/website.colistic.dev\/wp-content\/uploads\/2023\/07\/holistic-circle.svg","contentUrl":"https:\/\/website.colistic.dev\/wp-content\/uploads\/2023\/07\/holistic-circle.svg"},{"@type":"BreadcrumbList","@id":"https:\/\/website.colistic.dev\/?page_id=48#breadcrumb","itemListElement":[{"@type":"ListItem","position":1,"name":"Startseite","item":"https:\/\/website.colistic.dev\/"},{"@type":"ListItem","position":2,"name":"Services"}]},{"@type":"WebSite","@id":"https:\/\/website.colistic.dev\/#website","url":"https:\/\/website.colistic.dev\/","name":"co:listic","description":"","publisher":{"@id":"https:\/\/website.colistic.dev\/#organization"},"potentialAction":[{"@type":"SearchAction","target":{"@type":"EntryPoint","urlTemplate":"https:\/\/website.colistic.dev\/?s={search_term_string}"},"query-input":{"@type":"PropertyValueSpecification","valueRequired":true,"valueName":"search_term_string"}}],"inLanguage":"de"},{"@type":"Organization","@id":"https:\/\/website.colistic.dev\/#organization","name":"co:listic GmbH","url":"https:\/\/website.colistic.dev\/","logo":{"@type":"ImageObject","inLanguage":"de","@id":"https:\/\/website.colistic.dev\/#\/schema\/logo\/image\/","url":"https:\/\/website.colistic.dev\/wp-content\/uploads\/2018\/11\/Element-2.svg","contentUrl":"https:\/\/website.colistic.dev\/wp-content\/uploads\/2018\/11\/Element-2.svg","width":1,"height":1,"caption":"co:listic GmbH"},"image":{"@id":"https:\/\/website.colistic.dev\/#\/schema\/logo\/image\/"},"sameAs":["https:\/\/www.facebook.com\/colistic\/?epa=SEARCH_BOX","https:\/\/x.com\/colisti","https:\/\/www.instagram.com\/colistic.agency\/","https:\/\/www.linkedin.com\/company\/colistic\/"]}]}},"_links":{"self":[{"href":"https:\/\/website.colistic.dev\/index.php?rest_route=\/wp\/v2\/pages\/48","targetHints":{"allow":["GET"]}}],"collection":[{"href":"https:\/\/website.colistic.dev\/index.php?rest_route=\/wp\/v2\/pages"}],"about":[{"href":"https:\/\/website.colistic.dev\/index.php?rest_route=\/wp\/v2\/types\/page"}],"author":[{"embeddable":true,"href":"https:\/\/website.colistic.dev\/index.php?rest_route=\/wp\/v2\/users\/1"}],"replies":[{"embeddable":true,"href":"https:\/\/website.colistic.dev\/index.php?rest_route=%2Fwp%2Fv2%2Fcomments&post=48"}],"version-history":[{"count":60,"href":"https:\/\/website.colistic.dev\/index.php?rest_route=\/wp\/v2\/pages\/48\/revisions"}],"predecessor-version":[{"id":4877,"href":"https:\/\/website.colistic.dev\/index.php?rest_route=\/wp\/v2\/pages\/48\/revisions\/4877"}],"wp:attachment":[{"href":"https:\/\/website.colistic.dev\/index.php?rest_route=%2Fwp%2Fv2%2Fmedia&parent=48"}],"curies":[{"name":"wp","href":"https:\/\/api.w.org\/{rel}","templated":true}]}}